{"id":9792,"date":"2020-06-11T13:35:34","date_gmt":"2020-06-11T11:35:34","guid":{"rendered":"https:\/\/www.qhome.fr\/?page_id=9792"},"modified":"2021-07-20T13:59:01","modified_gmt":"2021-07-20T11:59:01","slug":"consignes-de-nettoyage","status":"publish","type":"page","link":"https:\/\/www.qhome.fr\/fr\/consignes-de-nettoyage\/","title":{"rendered":"Consignes de nettoyage"},"content":{"rendered":"<h1><strong>Consignes de nettoyage pour les maisons de vacances<\/strong><\/h1>\n<p>Ce document est destin\u00e9 aux propri\u00e9taires, g\u00e9rants et locataires de maisons de vacances. Avec ce document, nous voulons partager nos connaissances et notre exp\u00e9rience sur les mesures d&rsquo;hygi\u00e8ne importantes pour une location s\u00fbre d&rsquo;une maison de vacances.<picture><source srcset=\"https:\/\/www.qhome.fr\/wp-content\/uploads\/2020\/01\/Q-Home-Villa-Arkoulis-005-440x293.jpg.webp 440w, https:\/\/www.qhome.fr\/wp-content\/uploads\/2020\/01\/Q-Home-Villa-Arkoulis-005-1024x683.jpg.webp 1024w, https:\/\/www.qhome.fr\/wp-content\/uploads\/2020\/01\/Q-Home-Villa-Arkoulis-005-768x512.jpg.webp 768w, https:\/\/www.qhome.fr\/wp-content\/uploads\/2020\/01\/Q-Home-Villa-Arkoulis-005-1536x1024.jpg.webp 1536w, https:\/\/www.qhome.fr\/wp-content\/uploads\/2020\/01\/Q-Home-Villa-Arkoulis-005-2048x1365.jpg.webp 2048w\" sizes=\"auto, (max-width: 440px) 100vw, 440px\" type=\"image\/webp\"><img loading=\"lazy\" decoding=\"async\" class=\"size-medium wp-image-9663 alignright webpexpress-processed\" src=\"https:\/\/www.qhome.fr\/wp-content\/uploads\/2020\/01\/Q-Home-Villa-Arkoulis-005-440x293.jpg\" alt=\"\" width=\"440\" height=\"293\" srcset=\"https:\/\/www.qhome.fr\/wp-content\/uploads\/2020\/01\/Q-Home-Villa-Arkoulis-005-440x293.jpg 440w, https:\/\/www.qhome.fr\/wp-content\/uploads\/2020\/01\/Q-Home-Villa-Arkoulis-005-1024x683.jpg 1024w, https:\/\/www.qhome.fr\/wp-content\/uploads\/2020\/01\/Q-Home-Villa-Arkoulis-005-768x512.jpg 768w, https:\/\/www.qhome.fr\/wp-content\/uploads\/2020\/01\/Q-Home-Villa-Arkoulis-005-1536x1024.jpg 1536w, https:\/\/www.qhome.fr\/wp-content\/uploads\/2020\/01\/Q-Home-Villa-Arkoulis-005-2048x1365.jpg 2048w\" sizes=\"auto, (max-width: 440px) 100vw, 440px\"><\/picture><\/p>\n<p>Au sein de Q Home, nous avons toujours trouv\u00e9 tr\u00e8s important que nos maisons de vacances soient parfaitement propres. Nos \u00e9quipes de nettoyage et nos gestionnaires ont toujours \u00e9t\u00e9 \u00e9quip\u00e9s d&rsquo;une liste de contr\u00f4le pour v\u00e9rifier leur nettoyage. Cependant, en raison du r\u00e9cent coronavirus, COVID-19, certaines choses sont devenues encore plus importantes qu&rsquo;auparavant. Nous vous demandons donc de prendre le temps de lire attentivement ce document. Comme aucune directive n&rsquo;a encore \u00e9t\u00e9 impos\u00e9e par le gouvernement concernant le nettoyage des maisons de vacances, nous avons bas\u00e9 nos connaissances sur les recommandations des Centers for Disease Control and Prevention (CDC).<\/p>\n<p>&nbsp;<\/p>\n<h2>Nos recommandations list\u00e9es!<\/h2>\n<ol>\n<li>Il est important d&rsquo;<strong>\u00e9viter autant que possible les contacts physiques<\/strong> entre des groupes de personnes. Cela signifie que nous ne faisons plus d&rsquo;arriv\u00e9es dans un emplacement central avec plusieurs groupes de voyage en m\u00eame temps. Chaque famille se rend directement \u00e0 sa maison de vacances et recevra une explication du gestionnaire \u00e0 un moment ult\u00e9rieur (avec la distance appropri\u00e9e). Chaque maison aura besoin d&rsquo;un coffre-fort a clees pour cela. Les locataires recevront le code du coffre \u00e0 cl\u00e9s du gestionnaire au plus t\u00f4t 1 heure avant l&rsquo;arriv\u00e9e. Apr\u00e8s l&rsquo;arriv\u00e9e des locataires, le gestionnaire viendra vous expliquer la maison et r\u00e9gler les montants \u00e0 payer \u00e0 l&rsquo;arriv\u00e9e, tels que le nettoyage et le linge de lit.<\/li>\n<li>L&rsquo;\u00e9quipe de nettoyage recevra <strong>une liste de contr\u00f4le suppl\u00e9mentaire<\/strong>, en plus de sa liste de contr\u00f4le de nettoyage r\u00e9guli\u00e8re.<br \/>\nLe nettoyage initial avant la saison doit \u00e9galement \u00eatre effectu\u00e9 conform\u00e9ment \u00e0 ces directives et de pr\u00e9f\u00e9rence par l&rsquo;\u00e9quipe de nettoyage de Q Home afin que les directives soient suivies.<\/li>\n<li>Nous fournirons \u00e0 toutes les \u00e9quipes de nettoyage les bons produits a d\u00e9sinfecter correctement les surfaces, les sols.<\/li>\n<li>Les locataires seront invit\u00e9s \u00e0 ramasser le linge de lit et les serviettes en un seul endroit dans un grand sac en plastique fourni par le proprietaire ou du gestionnaire. Le gestionnaire le demandera aux locataires et s&rsquo;assurera qu&rsquo;il y a un sac.<\/li>\n<li>Nous demandons \u00e9galement aux locataires d&rsquo;a\u00e9rer la maison au moment du d\u00e9part en laissant les fen\u00eatres avec barre de s\u00e9curit\u00e9, ou en laissant les fen\u00eatres du premier \u00e9tage ouvertes. Toute la maison sera \u00e0 nouveau a\u00e9r\u00e9e pendant le nettoyage.Nous \u00e9largirons cette liste si n\u00e9cessaire \u00e0 mesure que de nouvelles directives du gouvernement seront publi\u00e9es.<\/li>\n<li style=\"list-style-type: none;\"><\/li>\n<\/ol>\n<p>Les \u00e9quipes de nettoyage seront invit\u00e9es \u00e0 utiliser du mat\u00e9riel de protection: gants jetables, &#8211; masques faciaux faits maison ou achet\u00e9s. L&rsquo;\u00e9quipe de nettoyage recevra des comprim\u00e9s d\u00e9sinfectants pour les sols et les surfaces. Si vous n&rsquo;utilisez pas de serviette en papier ou de lingettes jetables pour le nettoyage, utilisez un nouveau chiffon de nettoyage pour chaque invit\u00e9.<\/p>\n<p>Soyez attentif \u00e0 la d\u00e9sinfection des:<\/p>\n<ul>\n<li>poign\u00e9es<\/li>\n<li>interrupteurs<\/li>\n<li>t\u00e9l\u00e9commandes<\/li>\n<li>les tables<\/li>\n<li>tirer les cordons des ventilateurs et des lampes<\/li>\n<li>appuis de fen\u00eatre et poign\u00e9es de fen\u00eatre<\/li>\n<li>thermostats<\/li>\n<li>cl\u00e9s<\/li>\n<li>les balustrades<\/li>\n<li>les lavabos<\/li>\n<li>poign\u00e9es d&rsquo;armoires<\/li>\n<li>\u00e9quipements: four, grille-pain, autocuiseur, cafeti\u00e8re, etc.<\/li>\n<li>toilettes<\/li>\n<li>douches et baignoires<\/li>\n<li>aspirateurs et produits de nettoyage eux-m\u00eames<\/li>\n<\/ul>\n<p>Avez-vous des questions ou des commentaires concernant le nettoyage? Veuillez contacter le responsable local mentionn\u00e9 dans le voucher que vous avez re\u00e7u de Q Home.<\/p>\n<p>&nbsp;<\/p>\n","protected":false},"excerpt":{"rendered":"<p>Consignes de nettoyage pour les maisons de vacances Ce document est destin\u00e9 aux propri\u00e9taires, g\u00e9rants et locataires de maisons de&#8230;<\/p>\n","protected":false},"author":4,"featured_media":0,"parent":0,"menu_order":0,"comment_status":"closed","ping_status":"closed","template":"","meta":{"_acf_changed":false,"inline_featured_image":false,"_glsr_average":0,"_glsr_ranking":0,"_glsr_reviews":0,"footnotes":""},"class_list":["post-9792","page","type-page","status-publish","hentry"],"acf":[],"yoast_head":"<!-- This site is optimized with the Yoast SEO plugin v27.0 - https:\/\/yoast.com\/product\/yoast-seo-wordpress\/ -->\n<title>Consignes de nettoyage - Q-Home<\/title>\n<meta name=\"description\" content=\"Ce document est destin\u00e9 aux propri\u00e9taires, g\u00e9rants et locataires de maisons de vacances. Avec ce document, nous voulons partager nos connaissances et notre exp\u00e9rience sur les mesures d&#039;hygi\u00e8ne importantes pour une location s\u00fbre d&#039;une maison de vacances.\" \/>\n<meta property=\"og:locale\" content=\"fr_FR\" \/>\n<meta property=\"og:type\" content=\"article\" \/>\n<meta property=\"og:title\" content=\"Consignes de nettoyage - Q-Home\" \/>\n<meta property=\"og:description\" content=\"Ce document est destin\u00e9 aux propri\u00e9taires, g\u00e9rants et locataires de maisons de vacances. Avec ce document, nous voulons partager nos connaissances et notre exp\u00e9rience sur les mesures d&#039;hygi\u00e8ne importantes pour une location s\u00fbre d&#039;une maison de vacances.\" \/>\n<meta property=\"og:url\" content=\"https:\/\/www.qhome.fr\/fr\/consignes-de-nettoyage\/\" \/>\n<meta property=\"og:site_name\" content=\"Q-Home\" \/>\n<meta property=\"article:publisher\" content=\"https:\/\/www.facebook.com\/qhome.fr\/\" \/>\n<meta property=\"article:modified_time\" content=\"2021-07-20T11:59:01+00:00\" \/>\n<meta property=\"og:image\" content=\"https:\/\/www.qhome.fr\/wp-content\/uploads\/2020\/01\/Q-Home-Villa-Arkoulis-005-440x293.jpg\" \/>\n<meta name=\"twitter:card\" content=\"summary_large_image\" \/>\n<meta name=\"twitter:label1\" content=\"Dur\u00e9e de lecture estim\u00e9e\" \/>\n\t<meta name=\"twitter:data1\" content=\"3 minutes\" \/>\n<script type=\"application\/ld+json\" class=\"yoast-schema-graph\">{\"@context\":\"https:\/\/schema.org\",\"@graph\":[{\"@type\":\"WebPage\",\"@id\":\"https:\/\/www.qhome.fr\/fr\/consignes-de-nettoyage\/\",\"url\":\"https:\/\/www.qhome.fr\/fr\/consignes-de-nettoyage\/\",\"name\":\"Consignes de nettoyage - Q-Home\",\"isPartOf\":{\"@id\":\"https:\/\/www.qhome.fr\/fr\/#website\"},\"primaryImageOfPage\":{\"@id\":\"https:\/\/www.qhome.fr\/fr\/consignes-de-nettoyage\/#primaryimage\"},\"image\":{\"@id\":\"https:\/\/www.qhome.fr\/fr\/consignes-de-nettoyage\/#primaryimage\"},\"thumbnailUrl\":\"https:\/\/www.qhome.fr\/wp-content\/uploads\/2020\/01\/Q-Home-Villa-Arkoulis-005-440x293.jpg\",\"datePublished\":\"2020-06-11T11:35:34+00:00\",\"dateModified\":\"2021-07-20T11:59:01+00:00\",\"description\":\"Ce document est destin\u00e9 aux propri\u00e9taires, g\u00e9rants et locataires de maisons de vacances. Avec ce document, nous voulons partager nos connaissances et notre exp\u00e9rience sur les mesures d'hygi\u00e8ne importantes pour une location s\u00fbre d'une maison de vacances.\",\"breadcrumb\":{\"@id\":\"https:\/\/www.qhome.fr\/fr\/consignes-de-nettoyage\/#breadcrumb\"},\"inLanguage\":\"fr-FR\",\"potentialAction\":[{\"@type\":\"ReadAction\",\"target\":[\"https:\/\/www.qhome.fr\/fr\/consignes-de-nettoyage\/\"]}]},{\"@type\":\"ImageObject\",\"inLanguage\":\"fr-FR\",\"@id\":\"https:\/\/www.qhome.fr\/fr\/consignes-de-nettoyage\/#primaryimage\",\"url\":\"https:\/\/www.qhome.fr\/wp-content\/uploads\/2020\/01\/Q-Home-Villa-Arkoulis-005-440x293.jpg\",\"contentUrl\":\"https:\/\/www.qhome.fr\/wp-content\/uploads\/2020\/01\/Q-Home-Villa-Arkoulis-005-440x293.jpg\"},{\"@type\":\"BreadcrumbList\",\"@id\":\"https:\/\/www.qhome.fr\/fr\/consignes-de-nettoyage\/#breadcrumb\",\"itemListElement\":[{\"@type\":\"ListItem\",\"position\":1,\"name\":\"Home\",\"item\":\"https:\/\/www.qhome.fr\/fr\/\"},{\"@type\":\"ListItem\",\"position\":2,\"name\":\"Consignes de nettoyage\"}]},{\"@type\":\"WebSite\",\"@id\":\"https:\/\/www.qhome.fr\/fr\/#website\",\"url\":\"https:\/\/www.qhome.fr\/fr\/\",\"name\":\"Q-Home\",\"description\":\"Just another WordPress site\",\"publisher\":{\"@id\":\"https:\/\/www.qhome.fr\/fr\/#organization\"},\"potentialAction\":[{\"@type\":\"SearchAction\",\"target\":{\"@type\":\"EntryPoint\",\"urlTemplate\":\"https:\/\/www.qhome.fr\/fr\/?s={search_term_string}\"},\"query-input\":{\"@type\":\"PropertyValueSpecification\",\"valueRequired\":true,\"valueName\":\"search_term_string\"}}],\"inLanguage\":\"fr-FR\"},{\"@type\":\"Organization\",\"@id\":\"https:\/\/www.qhome.fr\/fr\/#organization\",\"name\":\"Q-Home\",\"url\":\"https:\/\/www.qhome.fr\/fr\/\",\"logo\":{\"@type\":\"ImageObject\",\"inLanguage\":\"fr-FR\",\"@id\":\"https:\/\/www.qhome.fr\/fr\/#\/schema\/logo\/image\/\",\"url\":\"https:\/\/www.qhome.fr\/wp-content\/uploads\/2019\/12\/logo.svg\",\"contentUrl\":\"https:\/\/www.qhome.fr\/wp-content\/uploads\/2019\/12\/logo.svg\",\"width\":1,\"height\":1,\"caption\":\"Q-Home\"},\"image\":{\"@id\":\"https:\/\/www.qhome.fr\/fr\/#\/schema\/logo\/image\/\"},\"sameAs\":[\"https:\/\/www.facebook.com\/qhome.fr\/\",\"https:\/\/www.instagram.com\/qhome_rental_villas\/\"]}]}<\/script>\n<!-- \/ Yoast SEO plugin. -->","yoast_head_json":{"title":"Consignes de nettoyage - Q-Home","description":"Ce document est destin\u00e9 aux propri\u00e9taires, g\u00e9rants et locataires de maisons de vacances. Avec ce document, nous voulons partager nos connaissances et notre exp\u00e9rience sur les mesures d'hygi\u00e8ne importantes pour une location s\u00fbre d'une maison de vacances.","og_locale":"fr_FR","og_type":"article","og_title":"Consignes de nettoyage - Q-Home","og_description":"Ce document est destin\u00e9 aux propri\u00e9taires, g\u00e9rants et locataires de maisons de vacances. Avec ce document, nous voulons partager nos connaissances et notre exp\u00e9rience sur les mesures d'hygi\u00e8ne importantes pour une location s\u00fbre d'une maison de vacances.","og_url":"https:\/\/www.qhome.fr\/fr\/consignes-de-nettoyage\/","og_site_name":"Q-Home","article_publisher":"https:\/\/www.facebook.com\/qhome.fr\/","article_modified_time":"2021-07-20T11:59:01+00:00","og_image":[{"url":"https:\/\/www.qhome.fr\/wp-content\/uploads\/2020\/01\/Q-Home-Villa-Arkoulis-005-440x293.jpg","type":"","width":"","height":""}],"twitter_card":"summary_large_image","twitter_misc":{"Dur\u00e9e de lecture estim\u00e9e":"3 minutes"},"schema":{"@context":"https:\/\/schema.org","@graph":[{"@type":"WebPage","@id":"https:\/\/www.qhome.fr\/fr\/consignes-de-nettoyage\/","url":"https:\/\/www.qhome.fr\/fr\/consignes-de-nettoyage\/","name":"Consignes de nettoyage - Q-Home","isPartOf":{"@id":"https:\/\/www.qhome.fr\/fr\/#website"},"primaryImageOfPage":{"@id":"https:\/\/www.qhome.fr\/fr\/consignes-de-nettoyage\/#primaryimage"},"image":{"@id":"https:\/\/www.qhome.fr\/fr\/consignes-de-nettoyage\/#primaryimage"},"thumbnailUrl":"https:\/\/www.qhome.fr\/wp-content\/uploads\/2020\/01\/Q-Home-Villa-Arkoulis-005-440x293.jpg","datePublished":"2020-06-11T11:35:34+00:00","dateModified":"2021-07-20T11:59:01+00:00","description":"Ce document est destin\u00e9 aux propri\u00e9taires, g\u00e9rants et locataires de maisons de vacances. Avec ce document, nous voulons partager nos connaissances et notre exp\u00e9rience sur les mesures d'hygi\u00e8ne importantes pour une location s\u00fbre d'une maison de vacances.","breadcrumb":{"@id":"https:\/\/www.qhome.fr\/fr\/consignes-de-nettoyage\/#breadcrumb"},"inLanguage":"fr-FR","potentialAction":[{"@type":"ReadAction","target":["https:\/\/www.qhome.fr\/fr\/consignes-de-nettoyage\/"]}]},{"@type":"ImageObject","inLanguage":"fr-FR","@id":"https:\/\/www.qhome.fr\/fr\/consignes-de-nettoyage\/#primaryimage","url":"https:\/\/www.qhome.fr\/wp-content\/uploads\/2020\/01\/Q-Home-Villa-Arkoulis-005-440x293.jpg","contentUrl":"https:\/\/www.qhome.fr\/wp-content\/uploads\/2020\/01\/Q-Home-Villa-Arkoulis-005-440x293.jpg"},{"@type":"BreadcrumbList","@id":"https:\/\/www.qhome.fr\/fr\/consignes-de-nettoyage\/#breadcrumb","itemListElement":[{"@type":"ListItem","position":1,"name":"Home","item":"https:\/\/www.qhome.fr\/fr\/"},{"@type":"ListItem","position":2,"name":"Consignes de nettoyage"}]},{"@type":"WebSite","@id":"https:\/\/www.qhome.fr\/fr\/#website","url":"https:\/\/www.qhome.fr\/fr\/","name":"Q-Home","description":"Just another WordPress site","publisher":{"@id":"https:\/\/www.qhome.fr\/fr\/#organization"},"potentialAction":[{"@type":"SearchAction","target":{"@type":"EntryPoint","urlTemplate":"https:\/\/www.qhome.fr\/fr\/?s={search_term_string}"},"query-input":{"@type":"PropertyValueSpecification","valueRequired":true,"valueName":"search_term_string"}}],"inLanguage":"fr-FR"},{"@type":"Organization","@id":"https:\/\/www.qhome.fr\/fr\/#organization","name":"Q-Home","url":"https:\/\/www.qhome.fr\/fr\/","logo":{"@type":"ImageObject","inLanguage":"fr-FR","@id":"https:\/\/www.qhome.fr\/fr\/#\/schema\/logo\/image\/","url":"https:\/\/www.qhome.fr\/wp-content\/uploads\/2019\/12\/logo.svg","contentUrl":"https:\/\/www.qhome.fr\/wp-content\/uploads\/2019\/12\/logo.svg","width":1,"height":1,"caption":"Q-Home"},"image":{"@id":"https:\/\/www.qhome.fr\/fr\/#\/schema\/logo\/image\/"},"sameAs":["https:\/\/www.facebook.com\/qhome.fr\/","https:\/\/www.instagram.com\/qhome_rental_villas\/"]}]}},"_links":{"self":[{"href":"https:\/\/www.qhome.fr\/fr\/wp-json\/wp\/v2\/pages\/9792","targetHints":{"allow":["GET"]}}],"collection":[{"href":"https:\/\/www.qhome.fr\/fr\/wp-json\/wp\/v2\/pages"}],"about":[{"href":"https:\/\/www.qhome.fr\/fr\/wp-json\/wp\/v2\/types\/page"}],"author":[{"embeddable":true,"href":"https:\/\/www.qhome.fr\/fr\/wp-json\/wp\/v2\/users\/4"}],"replies":[{"embeddable":true,"href":"https:\/\/www.qhome.fr\/fr\/wp-json\/wp\/v2\/comments?post=9792"}],"version-history":[{"count":0,"href":"https:\/\/www.qhome.fr\/fr\/wp-json\/wp\/v2\/pages\/9792\/revisions"}],"wp:attachment":[{"href":"https:\/\/www.qhome.fr\/fr\/wp-json\/wp\/v2\/media?parent=9792"}],"curies":[{"name":"wp","href":"https:\/\/api.w.org\/{rel}","templated":true}]}}