{"id":9536,"date":"2020-05-05T12:53:12","date_gmt":"2020-05-05T10:53:12","guid":{"rendered":"https:\/\/www.qhome.fr\/?page_id=9536"},"modified":"2024-06-11T10:33:00","modified_gmt":"2024-06-11T08:33:00","slug":"vacances-provence","status":"publish","type":"page","link":"https:\/\/www.qhome.fr\/fr\/vacances-provence\/","title":{"rendered":"Vacances Provence"},"content":{"rendered":"<h1>Vacances en Provence<picture><source srcset=\"https:\/\/www.qhome.fr\/wp-content\/uploads\/2020\/01\/onze-tips-204x440.jpg.webp 204w, https:\/\/www.qhome.fr\/wp-content\/uploads\/2020\/01\/onze-tips-475x1024.jpg.webp 475w, https:\/\/www.qhome.fr\/wp-content\/uploads\/2020\/01\/onze-tips-768x1656.jpg.webp 768w, https:\/\/www.qhome.fr\/wp-content\/uploads\/2020\/01\/onze-tips-712x1536.jpg.webp 712w, https:\/\/www.qhome.fr\/wp-content\/uploads\/2020\/01\/onze-tips.jpg.webp 844w\" sizes=\"auto, (max-width: 204px) 100vw, 204px\" type=\"image\/webp\"><img loading=\"lazy\" decoding=\"async\" class=\"size-medium wp-image-8368 alignright webpexpress-processed\" src=\"https:\/\/www.qhome.fr\/wp-content\/uploads\/2020\/01\/onze-tips-204x440.jpg\" alt=\"Vakantie Zuid Frankrijk bij Q Home\" width=\"204\" height=\"440\" srcset=\"https:\/\/www.qhome.fr\/wp-content\/uploads\/2020\/01\/onze-tips-204x440.jpg 204w, https:\/\/www.qhome.fr\/wp-content\/uploads\/2020\/01\/onze-tips-475x1024.jpg 475w, https:\/\/www.qhome.fr\/wp-content\/uploads\/2020\/01\/onze-tips-768x1656.jpg 768w, https:\/\/www.qhome.fr\/wp-content\/uploads\/2020\/01\/onze-tips-712x1536.jpg 712w, https:\/\/www.qhome.fr\/wp-content\/uploads\/2020\/01\/onze-tips.jpg 844w\" sizes=\"auto, (max-width: 204px) 100vw, 204px\"><\/picture><\/h1>\n<p>Des vacances dans le Sud-est de la France! Nos conseils en un coup d&rsquo;\u0153il. Parce que de merveilleuses vacances d\u00e9pendent non seulement d&rsquo;un bel h\u00e9bergement, mais aussi des exp\u00e9riences que vous avez pendant les vacances entre amis ou en famille. Q Home a fait pour vous un aper\u00e7u des choses que nous pensons importantes pendant les vacances dans le sud de la France.<\/p>\n<p>Les Restaurants pendant vos vacances dans le sud de la France:<br \/>\nLes vacances dans le Sud de la France commencent naturellement par des bons repas, des bons vins, des belles balades et des activit\u00e9s ludiques. C&rsquo;est pourquoi nous avons pass\u00e9 beaucoup de temps au cours des derni\u00e8res ann\u00e9es pour pouvoir vous pr\u00e9senter les pages suivantes.<\/p>\n<p>Dans le Sud de la France, il y a beaucoup \u00e0 faire et \u00e0 voir, mais souvent on a du mal a trouver les adresses sur Internet. Un restaurant local n&rsquo;a parfois m\u00eame pas de site Internet mais seulement un compte Facebook. Voici un aper\u00e7u des restaurants en Provence et sur la C\u00f4te d&rsquo;Azur, que nous avons essay\u00e9s et que nous souhaitons partager avec vous.<br \/>\nAinsi qu&rsquo;un aper\u00e7u des ch\u00e2teaux viticoles locaux \u00e0 visiter.<\/p>\n","protected":false},"excerpt":{"rendered":"<p>Vacances en Provence Des vacances dans le Sud-est de la France! Nos conseils en un coup d&rsquo;\u0153il. Parce que de&#8230;<\/p>\n","protected":false},"author":4,"featured_media":0,"parent":0,"menu_order":2,"comment_status":"closed","ping_status":"closed","template":"","meta":{"_acf_changed":false,"inline_featured_image":false,"_glsr_average":0,"_glsr_ranking":0,"_glsr_reviews":0,"footnotes":""},"class_list":["post-9536","page","type-page","status-publish","hentry"],"acf":[],"yoast_head":"<!-- This site is optimized with the Yoast SEO plugin v27.0 - https:\/\/yoast.com\/product\/yoast-seo-wordpress\/ -->\n<title>Vacances Provence - Q-Home<\/title>\n<meta name=\"description\" content=\"Vacances en Provence? Villa avec piscine en France? Q Home l&#039;agence sp\u00e9cialis\u00e9e dans la location de maison de vacances avec piscine priv\u00e9.\" \/>\n<meta property=\"og:locale\" content=\"fr_FR\" \/>\n<meta property=\"og:type\" content=\"article\" \/>\n<meta property=\"og:title\" content=\"Vacances Provence - Q-Home\" \/>\n<meta property=\"og:description\" content=\"Vacances en Provence? Villa avec piscine en France? Q Home l&#039;agence sp\u00e9cialis\u00e9e dans la location de maison de vacances avec piscine priv\u00e9.\" \/>\n<meta property=\"og:url\" content=\"https:\/\/www.qhome.fr\/fr\/vacances-provence\/\" \/>\n<meta property=\"og:site_name\" content=\"Q-Home\" \/>\n<meta property=\"article:publisher\" content=\"https:\/\/www.facebook.com\/qhome.fr\/\" \/>\n<meta property=\"article:modified_time\" content=\"2024-06-11T08:33:00+00:00\" \/>\n<meta property=\"og:image\" content=\"https:\/\/www.qhome.fr\/wp-content\/uploads\/2020\/01\/onze-tips-204x440.jpg\" \/>\n<meta name=\"twitter:card\" content=\"summary_large_image\" \/>\n<meta name=\"twitter:label1\" content=\"Dur\u00e9e de lecture estim\u00e9e\" \/>\n\t<meta name=\"twitter:data1\" content=\"3 minutes\" \/>\n<script type=\"application\/ld+json\" class=\"yoast-schema-graph\">{\"@context\":\"https:\/\/schema.org\",\"@graph\":[{\"@type\":\"WebPage\",\"@id\":\"https:\/\/www.qhome.fr\/fr\/vacances-provence\/\",\"url\":\"https:\/\/www.qhome.fr\/fr\/vacances-provence\/\",\"name\":\"Vacances Provence - Q-Home\",\"isPartOf\":{\"@id\":\"https:\/\/www.qhome.fr\/fr\/#website\"},\"primaryImageOfPage\":{\"@id\":\"https:\/\/www.qhome.fr\/fr\/vacances-provence\/#primaryimage\"},\"image\":{\"@id\":\"https:\/\/www.qhome.fr\/fr\/vacances-provence\/#primaryimage\"},\"thumbnailUrl\":\"https:\/\/www.qhome.fr\/wp-content\/uploads\/2020\/01\/onze-tips-204x440.jpg\",\"datePublished\":\"2020-05-05T10:53:12+00:00\",\"dateModified\":\"2024-06-11T08:33:00+00:00\",\"description\":\"Vacances en Provence? Villa avec piscine en France? Q Home l'agence sp\u00e9cialis\u00e9e dans la location de maison de vacances avec piscine priv\u00e9.\",\"breadcrumb\":{\"@id\":\"https:\/\/www.qhome.fr\/fr\/vacances-provence\/#breadcrumb\"},\"inLanguage\":\"fr-FR\",\"potentialAction\":[{\"@type\":\"ReadAction\",\"target\":[\"https:\/\/www.qhome.fr\/fr\/vacances-provence\/\"]}]},{\"@type\":\"ImageObject\",\"inLanguage\":\"fr-FR\",\"@id\":\"https:\/\/www.qhome.fr\/fr\/vacances-provence\/#primaryimage\",\"url\":\"https:\/\/www.qhome.fr\/wp-content\/uploads\/2020\/01\/onze-tips-204x440.jpg\",\"contentUrl\":\"https:\/\/www.qhome.fr\/wp-content\/uploads\/2020\/01\/onze-tips-204x440.jpg\"},{\"@type\":\"BreadcrumbList\",\"@id\":\"https:\/\/www.qhome.fr\/fr\/vacances-provence\/#breadcrumb\",\"itemListElement\":[{\"@type\":\"ListItem\",\"position\":1,\"name\":\"Home\",\"item\":\"https:\/\/www.qhome.fr\/fr\/\"},{\"@type\":\"ListItem\",\"position\":2,\"name\":\"Vacances Provence\"}]},{\"@type\":\"WebSite\",\"@id\":\"https:\/\/www.qhome.fr\/fr\/#website\",\"url\":\"https:\/\/www.qhome.fr\/fr\/\",\"name\":\"Q-Home\",\"description\":\"Just another WordPress site\",\"publisher\":{\"@id\":\"https:\/\/www.qhome.fr\/fr\/#organization\"},\"potentialAction\":[{\"@type\":\"SearchAction\",\"target\":{\"@type\":\"EntryPoint\",\"urlTemplate\":\"https:\/\/www.qhome.fr\/fr\/?s={search_term_string}\"},\"query-input\":{\"@type\":\"PropertyValueSpecification\",\"valueRequired\":true,\"valueName\":\"search_term_string\"}}],\"inLanguage\":\"fr-FR\"},{\"@type\":\"Organization\",\"@id\":\"https:\/\/www.qhome.fr\/fr\/#organization\",\"name\":\"Q-Home\",\"url\":\"https:\/\/www.qhome.fr\/fr\/\",\"logo\":{\"@type\":\"ImageObject\",\"inLanguage\":\"fr-FR\",\"@id\":\"https:\/\/www.qhome.fr\/fr\/#\/schema\/logo\/image\/\",\"url\":\"https:\/\/www.qhome.fr\/wp-content\/uploads\/2019\/12\/logo.svg\",\"contentUrl\":\"https:\/\/www.qhome.fr\/wp-content\/uploads\/2019\/12\/logo.svg\",\"width\":1,\"height\":1,\"caption\":\"Q-Home\"},\"image\":{\"@id\":\"https:\/\/www.qhome.fr\/fr\/#\/schema\/logo\/image\/\"},\"sameAs\":[\"https:\/\/www.facebook.com\/qhome.fr\/\",\"https:\/\/www.instagram.com\/qhome_rental_villas\/\"]}]}<\/script>\n<!-- \/ Yoast SEO plugin. -->","yoast_head_json":{"title":"Vacances Provence - Q-Home","description":"Vacances en Provence? Villa avec piscine en France? Q Home l'agence sp\u00e9cialis\u00e9e dans la location de maison de vacances avec piscine priv\u00e9.","og_locale":"fr_FR","og_type":"article","og_title":"Vacances Provence - Q-Home","og_description":"Vacances en Provence? Villa avec piscine en France? Q Home l'agence sp\u00e9cialis\u00e9e dans la location de maison de vacances avec piscine priv\u00e9.","og_url":"https:\/\/www.qhome.fr\/fr\/vacances-provence\/","og_site_name":"Q-Home","article_publisher":"https:\/\/www.facebook.com\/qhome.fr\/","article_modified_time":"2024-06-11T08:33:00+00:00","og_image":[{"url":"https:\/\/www.qhome.fr\/wp-content\/uploads\/2020\/01\/onze-tips-204x440.jpg","type":"","width":"","height":""}],"twitter_card":"summary_large_image","twitter_misc":{"Dur\u00e9e de lecture estim\u00e9e":"3 minutes"},"schema":{"@context":"https:\/\/schema.org","@graph":[{"@type":"WebPage","@id":"https:\/\/www.qhome.fr\/fr\/vacances-provence\/","url":"https:\/\/www.qhome.fr\/fr\/vacances-provence\/","name":"Vacances Provence - Q-Home","isPartOf":{"@id":"https:\/\/www.qhome.fr\/fr\/#website"},"primaryImageOfPage":{"@id":"https:\/\/www.qhome.fr\/fr\/vacances-provence\/#primaryimage"},"image":{"@id":"https:\/\/www.qhome.fr\/fr\/vacances-provence\/#primaryimage"},"thumbnailUrl":"https:\/\/www.qhome.fr\/wp-content\/uploads\/2020\/01\/onze-tips-204x440.jpg","datePublished":"2020-05-05T10:53:12+00:00","dateModified":"2024-06-11T08:33:00+00:00","description":"Vacances en Provence? Villa avec piscine en France? Q Home l'agence sp\u00e9cialis\u00e9e dans la location de maison de vacances avec piscine priv\u00e9.","breadcrumb":{"@id":"https:\/\/www.qhome.fr\/fr\/vacances-provence\/#breadcrumb"},"inLanguage":"fr-FR","potentialAction":[{"@type":"ReadAction","target":["https:\/\/www.qhome.fr\/fr\/vacances-provence\/"]}]},{"@type":"ImageObject","inLanguage":"fr-FR","@id":"https:\/\/www.qhome.fr\/fr\/vacances-provence\/#primaryimage","url":"https:\/\/www.qhome.fr\/wp-content\/uploads\/2020\/01\/onze-tips-204x440.jpg","contentUrl":"https:\/\/www.qhome.fr\/wp-content\/uploads\/2020\/01\/onze-tips-204x440.jpg"},{"@type":"BreadcrumbList","@id":"https:\/\/www.qhome.fr\/fr\/vacances-provence\/#breadcrumb","itemListElement":[{"@type":"ListItem","position":1,"name":"Home","item":"https:\/\/www.qhome.fr\/fr\/"},{"@type":"ListItem","position":2,"name":"Vacances Provence"}]},{"@type":"WebSite","@id":"https:\/\/www.qhome.fr\/fr\/#website","url":"https:\/\/www.qhome.fr\/fr\/","name":"Q-Home","description":"Just another WordPress site","publisher":{"@id":"https:\/\/www.qhome.fr\/fr\/#organization"},"potentialAction":[{"@type":"SearchAction","target":{"@type":"EntryPoint","urlTemplate":"https:\/\/www.qhome.fr\/fr\/?s={search_term_string}"},"query-input":{"@type":"PropertyValueSpecification","valueRequired":true,"valueName":"search_term_string"}}],"inLanguage":"fr-FR"},{"@type":"Organization","@id":"https:\/\/www.qhome.fr\/fr\/#organization","name":"Q-Home","url":"https:\/\/www.qhome.fr\/fr\/","logo":{"@type":"ImageObject","inLanguage":"fr-FR","@id":"https:\/\/www.qhome.fr\/fr\/#\/schema\/logo\/image\/","url":"https:\/\/www.qhome.fr\/wp-content\/uploads\/2019\/12\/logo.svg","contentUrl":"https:\/\/www.qhome.fr\/wp-content\/uploads\/2019\/12\/logo.svg","width":1,"height":1,"caption":"Q-Home"},"image":{"@id":"https:\/\/www.qhome.fr\/fr\/#\/schema\/logo\/image\/"},"sameAs":["https:\/\/www.facebook.com\/qhome.fr\/","https:\/\/www.instagram.com\/qhome_rental_villas\/"]}]}},"_links":{"self":[{"href":"https:\/\/www.qhome.fr\/fr\/wp-json\/wp\/v2\/pages\/9536","targetHints":{"allow":["GET"]}}],"collection":[{"href":"https:\/\/www.qhome.fr\/fr\/wp-json\/wp\/v2\/pages"}],"about":[{"href":"https:\/\/www.qhome.fr\/fr\/wp-json\/wp\/v2\/types\/page"}],"author":[{"embeddable":true,"href":"https:\/\/www.qhome.fr\/fr\/wp-json\/wp\/v2\/users\/4"}],"replies":[{"embeddable":true,"href":"https:\/\/www.qhome.fr\/fr\/wp-json\/wp\/v2\/comments?post=9536"}],"version-history":[{"count":4,"href":"https:\/\/www.qhome.fr\/fr\/wp-json\/wp\/v2\/pages\/9536\/revisions"}],"predecessor-version":[{"id":22435,"href":"https:\/\/www.qhome.fr\/fr\/wp-json\/wp\/v2\/pages\/9536\/revisions\/22435"}],"wp:attachment":[{"href":"https:\/\/www.qhome.fr\/fr\/wp-json\/wp\/v2\/media?parent=9536"}],"curies":[{"name":"wp","href":"https:\/\/api.w.org\/{rel}","templated":true}]}}