{"id":3373,"date":"2019-08-16T07:37:12","date_gmt":"2019-08-16T05:37:12","guid":{"rendered":"https:\/\/www.qhome.fr\/verhuren\/"},"modified":"2024-06-11T10:35:19","modified_gmt":"2024-06-11T08:35:19","slug":"louer-ma-maison","status":"publish","type":"page","link":"https:\/\/www.qhome.fr\/fr\/louer-ma-maison\/","title":{"rendered":"Louer ma maison"},"content":{"rendered":"<div class=\"page-header\">\n<h1><strong>Louer ma maison dans le Sud de la France<\/strong><\/h1>\n<\/div>\n<hr class=\"yellow_dark\" \/>\n<p><span style=\"font-weight: 400;\">Mettre ma maison en location n\u2019est pas anodin, et bien que vous puissiez \u00eatre tent\u00e9 par l\u2019exp\u00e9rience, il vous reste certainement des questions concernant le bon fonctionnement de cette d\u00e9marche. <\/span><span style=\"font-weight: 400;\">Louer ma maison dans le Sud de la France pour les vacances<\/span><span style=\"font-weight: 400;\"> peut vous permettre de gagner des revenus substantiels, tout en accueillant des h\u00f4tes charmants, ravis de d\u00e9couvrir et de profiter de l\u2019exp\u00e9rience de cette r\u00e9gion fran\u00e7aise tr\u00e8s convoit\u00e9e.\u00a0<\/span><\/p>\n<p><span style=\"font-weight: 400;\">Q Home vous accompagne dans les d\u00e9marches de la location de votre maison, tout en vous partageant ses conseils pour assurer votre s\u00e9curit\u00e9 et un s\u00e9jour de qualit\u00e9 pour vos h\u00f4tes.<\/span><\/p>\n<h2><strong>Louer sa villa dans le Sud de la France et ses nombreux avantages<\/strong><\/h2>\n<p><span style=\"font-weight: 400;\">Vous avez la chance d\u2019avoir une maison id\u00e9alement situ\u00e9e dans le Sud de la France, dans laquelle vous n\u2019\u00eates pas pr\u00e9sent toute l\u2019ann\u00e9e ? Il pourrait s\u2019av\u00e9rer int\u00e9ressant de la proposer \u00e0 la location sur la dur\u00e9e de votre choix.\u00a0<\/span><\/p>\n<p><span style=\"font-weight: 400;\">Louer sa villa dans le Sud de la France pour les vacances<\/span><span style=\"font-weight: 400;\"> peut s\u2019av\u00e9rer tr\u00e8s lucratif, s\u2019agissant du premier avantage de cette d\u00e9marche. En tant que propri\u00e9taire, vous pouvez d\u00e9terminer les dates pendant lesquelles vous souhaitez proposer votre bien \u00e0 la location, tout en vous r\u00e9servant des p\u00e9riodes pour en profiter en famille.<\/span><\/p>\n<p><span style=\"font-weight: 400;\">Au-del\u00e0 de l\u2019aspect financier, c\u2019est aussi un moyen de permettre \u00e0 des personnes de tous horizons de d\u00e9couvrir les charmes du Sud de la France, en mettant \u00e0 l\u2019honneur les traditions et les paysages de cette zone touristique en toute saison. De tr\u00e8s belles rencontres peuvent aussi na\u00eetre de ces services !<\/span><\/p>\n<h2><strong>Nos conseils pour louer ma maison dans le Sud de la France rapidement<\/strong><\/h2>\n<p><span style=\"font-weight: 400;\">Louer ma maison rapidement n\u00e9cessite parfois quelques am\u00e9nagements. Tout d\u2019abord, vous devrez vous assurer qu\u2019elle r\u00e9pond aux standards de la client\u00e8le \u00e0 laquelle vous souhaitez vous adresser, et qu\u2019elle dispose de tous les \u00e9quipements n\u00e9cessaires. Le confort des chambres n\u2019est pas \u00e0 n\u00e9gliger pour que vos h\u00f4tes passent d\u2019agr\u00e9ables nuits de sommeil, et qu\u2019ils repartent repos\u00e9s de leur s\u00e9jour. \u00c0 la cl\u00e9 se cache peut-\u00eatre une nouvelle r\u00e9servation, ou une recommandation qui captera l\u2019int\u00e9r\u00eat de nouveaux vacanciers !\u00a0<\/span><\/p>\n<p><span style=\"font-weight: 400;\">Louer sa villa dans le Sud de la France avec piscine<\/span><span style=\"font-weight: 400;\"> peut \u00e9galement \u00eatre un avantage pour se rafra\u00eechir des chaudes journ\u00e9es de l\u2019\u00e9t\u00e9. Pour vous d\u00e9marquer des autres options de location, pensez \u00e0 r\u00e9aliser des travaux lorsque cela est n\u00e9cessaire, et travaillez la d\u00e9coration d\u2019int\u00e9rieur en ajoutant des touches de personnalit\u00e9, qui permettront \u00e0 vos h\u00f4tes de se sentir comme \u00e0 la maison. En cas de question sur ce point, Q Home vous apporte \u00e9galement ses conseils.<\/span><\/p>\n<h2><strong>L\u2019expertise de Q Home<\/strong><\/h2>\n<p><span style=\"font-weight: 400;\">Expert de la location de maisons dans le Sud de la France depuis maintenant plus de 10 ans, nous prenons soin de votre logement et vous accompagnons \u00e0 toutes les \u00e9tapes n\u00e9cessaires pour <\/span><span style=\"font-weight: 400;\">louer ma maison dans le Sud de la France<\/span><span style=\"font-weight: 400;\">. Un service complet, qui prend notamment en charge le traitement des demandes et la promotion de votre bien. Nous serions heureux de vous accompagner dans votre projet de location.<\/span><\/p>\n","protected":false},"excerpt":{"rendered":"<p>Louer ma maison dans le Sud de la France Mettre ma maison en location n\u2019est pas anodin, et bien que&#8230;<\/p>\n","protected":false},"author":1,"featured_media":0,"parent":0,"menu_order":2,"comment_status":"closed","ping_status":"closed","template":"template-landing-no-search.php","meta":{"_acf_changed":false,"inline_featured_image":false,"_glsr_average":0,"_glsr_ranking":0,"_glsr_reviews":0,"footnotes":""},"class_list":["post-3373","page","type-page","status-publish","hentry"],"acf":[],"yoast_head":"<!-- This site is optimized with the Yoast SEO plugin v27.0 - https:\/\/yoast.com\/product\/yoast-seo-wordpress\/ -->\n<title>Louer Ma Maison Dans le Sud de la France | Q-Home<\/title>\n<meta name=\"description\" content=\"Louer ma maison dans le sud de la France? Q Home est l&#039;agence specialiser a louer votre Louer sa maison dans le Sud de la France pour les vacances. Contactez nous pour plus de information\" \/>\n<meta property=\"og:locale\" content=\"fr_FR\" \/>\n<meta property=\"og:type\" content=\"article\" \/>\n<meta property=\"og:title\" content=\"Louer Ma Maison Dans le Sud de la France | Q-Home\" \/>\n<meta property=\"og:description\" content=\"Louer ma maison dans le sud de la France? Q Home est l&#039;agence specialiser a louer votre Louer sa maison dans le Sud de la France pour les vacances. Contactez nous pour plus de information\" \/>\n<meta property=\"og:url\" content=\"https:\/\/www.qhome.fr\/fr\/louer-ma-maison\/\" \/>\n<meta property=\"og:site_name\" content=\"Q-Home\" \/>\n<meta property=\"article:publisher\" content=\"https:\/\/www.facebook.com\/qhome.fr\/\" \/>\n<meta property=\"article:modified_time\" content=\"2024-06-11T08:35:19+00:00\" \/>\n<meta name=\"twitter:card\" content=\"summary_large_image\" \/>\n<meta name=\"twitter:label1\" content=\"Dur\u00e9e de lecture estim\u00e9e\" \/>\n\t<meta name=\"twitter:data1\" content=\"5 minutes\" \/>\n<script type=\"application\/ld+json\" class=\"yoast-schema-graph\">{\"@context\":\"https:\/\/schema.org\",\"@graph\":[{\"@type\":\"WebPage\",\"@id\":\"https:\/\/www.qhome.fr\/fr\/louer-ma-maison\/\",\"url\":\"https:\/\/www.qhome.fr\/fr\/louer-ma-maison\/\",\"name\":\"Louer Ma Maison Dans le Sud de la France | Q-Home\",\"isPartOf\":{\"@id\":\"https:\/\/www.qhome.fr\/fr\/#website\"},\"datePublished\":\"2019-08-16T05:37:12+00:00\",\"dateModified\":\"2024-06-11T08:35:19+00:00\",\"description\":\"Louer ma maison dans le sud de la France? Q Home est l'agence specialiser a louer votre Louer sa maison dans le Sud de la France pour les vacances. Contactez nous pour plus de information\",\"breadcrumb\":{\"@id\":\"https:\/\/www.qhome.fr\/fr\/louer-ma-maison\/#breadcrumb\"},\"inLanguage\":\"fr-FR\",\"potentialAction\":[{\"@type\":\"ReadAction\",\"target\":[\"https:\/\/www.qhome.fr\/fr\/louer-ma-maison\/\"]}]},{\"@type\":\"BreadcrumbList\",\"@id\":\"https:\/\/www.qhome.fr\/fr\/louer-ma-maison\/#breadcrumb\",\"itemListElement\":[{\"@type\":\"ListItem\",\"position\":1,\"name\":\"Home\",\"item\":\"https:\/\/www.qhome.fr\/fr\/\"},{\"@type\":\"ListItem\",\"position\":2,\"name\":\"Louer ma maison\"}]},{\"@type\":\"WebSite\",\"@id\":\"https:\/\/www.qhome.fr\/fr\/#website\",\"url\":\"https:\/\/www.qhome.fr\/fr\/\",\"name\":\"Q-Home\",\"description\":\"Just another WordPress site\",\"publisher\":{\"@id\":\"https:\/\/www.qhome.fr\/fr\/#organization\"},\"potentialAction\":[{\"@type\":\"SearchAction\",\"target\":{\"@type\":\"EntryPoint\",\"urlTemplate\":\"https:\/\/www.qhome.fr\/fr\/?s={search_term_string}\"},\"query-input\":{\"@type\":\"PropertyValueSpecification\",\"valueRequired\":true,\"valueName\":\"search_term_string\"}}],\"inLanguage\":\"fr-FR\"},{\"@type\":\"Organization\",\"@id\":\"https:\/\/www.qhome.fr\/fr\/#organization\",\"name\":\"Q-Home\",\"url\":\"https:\/\/www.qhome.fr\/fr\/\",\"logo\":{\"@type\":\"ImageObject\",\"inLanguage\":\"fr-FR\",\"@id\":\"https:\/\/www.qhome.fr\/fr\/#\/schema\/logo\/image\/\",\"url\":\"https:\/\/www.qhome.fr\/wp-content\/uploads\/2019\/12\/logo.svg\",\"contentUrl\":\"https:\/\/www.qhome.fr\/wp-content\/uploads\/2019\/12\/logo.svg\",\"width\":1,\"height\":1,\"caption\":\"Q-Home\"},\"image\":{\"@id\":\"https:\/\/www.qhome.fr\/fr\/#\/schema\/logo\/image\/\"},\"sameAs\":[\"https:\/\/www.facebook.com\/qhome.fr\/\",\"https:\/\/www.instagram.com\/qhome_rental_villas\/\"]}]}<\/script>\n<!-- \/ Yoast SEO plugin. -->","yoast_head_json":{"title":"Louer Ma Maison Dans le Sud de la France | Q-Home","description":"Louer ma maison dans le sud de la France? Q Home est l'agence specialiser a louer votre Louer sa maison dans le Sud de la France pour les vacances. Contactez nous pour plus de information","og_locale":"fr_FR","og_type":"article","og_title":"Louer Ma Maison Dans le Sud de la France | Q-Home","og_description":"Louer ma maison dans le sud de la France? Q Home est l'agence specialiser a louer votre Louer sa maison dans le Sud de la France pour les vacances. Contactez nous pour plus de information","og_url":"https:\/\/www.qhome.fr\/fr\/louer-ma-maison\/","og_site_name":"Q-Home","article_publisher":"https:\/\/www.facebook.com\/qhome.fr\/","article_modified_time":"2024-06-11T08:35:19+00:00","twitter_card":"summary_large_image","twitter_misc":{"Dur\u00e9e de lecture estim\u00e9e":"5 minutes"},"schema":{"@context":"https:\/\/schema.org","@graph":[{"@type":"WebPage","@id":"https:\/\/www.qhome.fr\/fr\/louer-ma-maison\/","url":"https:\/\/www.qhome.fr\/fr\/louer-ma-maison\/","name":"Louer Ma Maison Dans le Sud de la France | Q-Home","isPartOf":{"@id":"https:\/\/www.qhome.fr\/fr\/#website"},"datePublished":"2019-08-16T05:37:12+00:00","dateModified":"2024-06-11T08:35:19+00:00","description":"Louer ma maison dans le sud de la France? Q Home est l'agence specialiser a louer votre Louer sa maison dans le Sud de la France pour les vacances. Contactez nous pour plus de information","breadcrumb":{"@id":"https:\/\/www.qhome.fr\/fr\/louer-ma-maison\/#breadcrumb"},"inLanguage":"fr-FR","potentialAction":[{"@type":"ReadAction","target":["https:\/\/www.qhome.fr\/fr\/louer-ma-maison\/"]}]},{"@type":"BreadcrumbList","@id":"https:\/\/www.qhome.fr\/fr\/louer-ma-maison\/#breadcrumb","itemListElement":[{"@type":"ListItem","position":1,"name":"Home","item":"https:\/\/www.qhome.fr\/fr\/"},{"@type":"ListItem","position":2,"name":"Louer ma maison"}]},{"@type":"WebSite","@id":"https:\/\/www.qhome.fr\/fr\/#website","url":"https:\/\/www.qhome.fr\/fr\/","name":"Q-Home","description":"Just another WordPress site","publisher":{"@id":"https:\/\/www.qhome.fr\/fr\/#organization"},"potentialAction":[{"@type":"SearchAction","target":{"@type":"EntryPoint","urlTemplate":"https:\/\/www.qhome.fr\/fr\/?s={search_term_string}"},"query-input":{"@type":"PropertyValueSpecification","valueRequired":true,"valueName":"search_term_string"}}],"inLanguage":"fr-FR"},{"@type":"Organization","@id":"https:\/\/www.qhome.fr\/fr\/#organization","name":"Q-Home","url":"https:\/\/www.qhome.fr\/fr\/","logo":{"@type":"ImageObject","inLanguage":"fr-FR","@id":"https:\/\/www.qhome.fr\/fr\/#\/schema\/logo\/image\/","url":"https:\/\/www.qhome.fr\/wp-content\/uploads\/2019\/12\/logo.svg","contentUrl":"https:\/\/www.qhome.fr\/wp-content\/uploads\/2019\/12\/logo.svg","width":1,"height":1,"caption":"Q-Home"},"image":{"@id":"https:\/\/www.qhome.fr\/fr\/#\/schema\/logo\/image\/"},"sameAs":["https:\/\/www.facebook.com\/qhome.fr\/","https:\/\/www.instagram.com\/qhome_rental_villas\/"]}]}},"_links":{"self":[{"href":"https:\/\/www.qhome.fr\/fr\/wp-json\/wp\/v2\/pages\/3373","targetHints":{"allow":["GET"]}}],"collection":[{"href":"https:\/\/www.qhome.fr\/fr\/wp-json\/wp\/v2\/pages"}],"about":[{"href":"https:\/\/www.qhome.fr\/fr\/wp-json\/wp\/v2\/types\/page"}],"author":[{"embeddable":true,"href":"https:\/\/www.qhome.fr\/fr\/wp-json\/wp\/v2\/users\/1"}],"replies":[{"embeddable":true,"href":"https:\/\/www.qhome.fr\/fr\/wp-json\/wp\/v2\/comments?post=3373"}],"version-history":[{"count":10,"href":"https:\/\/www.qhome.fr\/fr\/wp-json\/wp\/v2\/pages\/3373\/revisions"}],"predecessor-version":[{"id":22438,"href":"https:\/\/www.qhome.fr\/fr\/wp-json\/wp\/v2\/pages\/3373\/revisions\/22438"}],"wp:attachment":[{"href":"https:\/\/www.qhome.fr\/fr\/wp-json\/wp\/v2\/media?parent=3373"}],"curies":[{"name":"wp","href":"https:\/\/api.w.org\/{rel}","templated":true}]}}