{"id":32764,"date":"2026-01-28T12:37:03","date_gmt":"2026-01-28T10:37:03","guid":{"rendered":"https:\/\/www.qhome.fr\/?page_id=32764"},"modified":"2026-01-28T12:38:21","modified_gmt":"2026-01-28T10:38:21","slug":"maisons-de-vacances-accessibles-dans-le-sud-de-la-france-q-home","status":"publish","type":"page","link":"https:\/\/www.qhome.fr\/fr\/maisons-de-vacances-accessibles-dans-le-sud-de-la-france-q-home\/","title":{"rendered":"Maisons de vacances accessibles dans le Sud de la France | Q Home"},"content":{"rendered":"<h1 dir=\"auto\"><strong>Des vacances dans le Sud de la France avec une mobilit\u00e9 r\u00e9duite ?<\/strong><\/h1>\n<h2 dir=\"auto\"><strong>Des locations de vacances accessibles et confortables !<\/strong><\/h2>\n<p dir=\"auto\">Chez Q Home, nous sommes convaincus qu\u2019une vacances sans souci en Provence ou sur la C\u00f4te d\u2019Azur doit \u00eatre possible pour tous \u2013 y compris pour les personnes \u00e0 mobilit\u00e9 r\u00e9duite ou celles qui ont du mal avec les escaliers.<\/p>\n<p dir=\"auto\">C\u2019est pourquoi nous avons d\u00e9velopp\u00e9 un filtre sp\u00e9cial qui permet de trouver facilement des maisons de vacances particuli\u00e8rement adapt\u00e9es aux personnes \u00e0 mobilit\u00e9 r\u00e9duite.<\/p>\n<h3 dir=\"auto\"><strong>Que signifie notre filtre \u00ab adapt\u00e9 aux personnes \u00e0 mobilit\u00e9 r\u00e9duite \u00bb ?<\/strong><\/h3>\n<p dir=\"auto\">Nous \u00e9vitons volontairement de qualifier nos maisons de \u00ab adapt\u00e9es aux handicap\u00e9s \u00bb, car seulement 1 ou 2 logements de notre s\u00e9lection sont enti\u00e8rement accessibles en fauteuil roulant selon les normes officielles (portes larges, rampes partout, l\u00e8ve-personne adapt\u00e9, etc.).<\/p>\n<p dir=\"auto\">Ce filtre est con\u00e7u pour les vacanciers qui pr\u00e9f\u00e8rent :<\/p>\n<ul dir=\"auto\">\n<li>Le moins d\u2019escaliers possible (souvent plain-pied ou avec un petit nombre de marches basses)<\/li>\n<li>Une chambre au rez-de-chauss\u00e9e<\/li>\n<li>Une douche \u00e0 l\u2019italienne (sans baignoire ni marche haute)<\/li>\n<li>Une piscine facilement accessible (par exemple bord large, partie peu profonde, barres d\u2019appui ou escalier doux sans \u00e9chelle raide)<\/li>\n<li>Suffisamment d\u2019espace et de confort dans les pi\u00e8ces de vie pour un d\u00e9ambulateur, une aide \u00e0 la marche ou un fauteuil roulant<\/li>\n<\/ul>\n<p dir=\"auto\">Gr\u00e2ce \u00e0 ce filtre, vous d\u00e9couvrirez chez Q Home une s\u00e9lection de belles maisons authentiques qui r\u00e9pondent \u00e0 plusieurs de ces crit\u00e8res \u2013 pour de vraies vacances sans obstacles inutiles.<\/p>\n<h3 dir=\"auto\"><strong>Conseil important pour les personnes en fauteuil roulant ou avec une mobilit\u00e9 tr\u00e8s limit\u00e9e<\/strong><\/h3>\n<p dir=\"auto\">Si vous utilisez un fauteuil roulant et\/ou avez du mal \u00e0 franchir de petites diff\u00e9rences de niveau ou des chemins \u00e9troits, contactez-nous toujours personnellement au pr\u00e9alable. Nous connaissons chaque maison sur le bout des doigts (Debby et Folkert les visitent toutes eux-m\u00eames) et pouvons vous conseiller pr\u00e9cis\u00e9ment sur la location la plus adapt\u00e9e \u2013 ou vous orienter vers une maison enti\u00e8rement adapt\u00e9e ailleurs si n\u00e9cessaire. Nous sommes l\u00e0 pour vous aider avec plaisir !<\/p>\n<h3 dir=\"auto\"><strong>Pourquoi choisir Q Home ?<\/strong><\/h3>\n<ul dir=\"auto\">\n<li>Des maisons de vacances avec piscine, s\u00e9lectionn\u00e9es personnellement \u2013 uniquement les plus belles et les plus authentiques<\/li>\n<li>Toujours une chambre et une salle de bain au rez-de-chauss\u00e9e dans notre s\u00e9lection filtr\u00e9e<\/li>\n<li>Conseils gratuits de locaux qui vivent dans la r\u00e9gion depuis des ann\u00e9es<\/li>\n<li>Informations transparentes : nous indiquons exactement ce qui est (et n\u2019est pas) possible dans chaque maison<\/li>\n<\/ul>\n<p dir=\"auto\">Utilisez notre filtre \u00ab adapt\u00e9 aux personnes \u00e0 mobilit\u00e9 r\u00e9duite \u00bb en haut de la page de recherche pour trouver votre maison de vacances id\u00e9ale dans le Sud de la France. Ou contactez-nous directement par [e-mail: info@qhome.fr\u00a0 ou par t\u00e9l\u00e9phone] \u2013 ensemble, nous ferons de vos vacances un moment magnifique et reposant !<\/p>\n","protected":false},"excerpt":{"rendered":"<p>Des vacances dans le Sud de la France avec une mobilit\u00e9 r\u00e9duite ? Des locations de vacances accessibles et confortables&#8230;<\/p>\n","protected":false},"author":4,"featured_media":27900,"parent":0,"menu_order":0,"comment_status":"closed","ping_status":"closed","template":"","meta":{"_acf_changed":false,"inline_featured_image":false,"_glsr_average":0,"_glsr_ranking":0,"_glsr_reviews":0,"footnotes":""},"class_list":["post-32764","page","type-page","status-publish","has-post-thumbnail","hentry"],"acf":[],"yoast_head":"<!-- This site is optimized with the Yoast SEO plugin v27.0 - https:\/\/yoast.com\/product\/yoast-seo-wordpress\/ -->\n<title>Maisons de vacances accessibles dans le Sud de la France | Q Home - Q-Home<\/title>\n<meta property=\"og:locale\" content=\"fr_FR\" \/>\n<meta property=\"og:type\" content=\"article\" \/>\n<meta property=\"og:title\" content=\"Maisons de vacances accessibles dans le Sud de la France | Q Home - Q-Home\" \/>\n<meta property=\"og:description\" content=\"Des vacances dans le Sud de la France avec une mobilit\u00e9 r\u00e9duite ? Des locations de vacances accessibles et confortables...\" \/>\n<meta property=\"og:url\" content=\"https:\/\/www.qhome.fr\/fr\/maisons-de-vacances-accessibles-dans-le-sud-de-la-france-q-home\/\" \/>\n<meta property=\"og:site_name\" content=\"Q-Home\" \/>\n<meta property=\"article:publisher\" content=\"https:\/\/www.facebook.com\/qhome.fr\/\" \/>\n<meta property=\"article:modified_time\" content=\"2026-01-28T10:38:21+00:00\" \/>\n<meta property=\"og:image\" content=\"https:\/\/www.qhome.fr\/wp-content\/uploads\/2025\/05\/20250418_164017-scaled.jpg\" \/>\n\t<meta property=\"og:image:width\" content=\"2560\" \/>\n\t<meta property=\"og:image:height\" content=\"1152\" \/>\n\t<meta property=\"og:image:type\" content=\"image\/jpeg\" \/>\n<meta name=\"twitter:card\" content=\"summary_large_image\" \/>\n<meta name=\"twitter:label1\" content=\"Dur\u00e9e de lecture estim\u00e9e\" \/>\n\t<meta name=\"twitter:data1\" content=\"3 minutes\" \/>\n<script type=\"application\/ld+json\" class=\"yoast-schema-graph\">{\"@context\":\"https:\/\/schema.org\",\"@graph\":[{\"@type\":\"WebPage\",\"@id\":\"https:\/\/www.qhome.fr\/fr\/maisons-de-vacances-accessibles-dans-le-sud-de-la-france-q-home\/\",\"url\":\"https:\/\/www.qhome.fr\/fr\/maisons-de-vacances-accessibles-dans-le-sud-de-la-france-q-home\/\",\"name\":\"Maisons de vacances accessibles dans le Sud de la France | Q Home - Q-Home\",\"isPartOf\":{\"@id\":\"https:\/\/www.qhome.fr\/fr\/#website\"},\"primaryImageOfPage\":{\"@id\":\"https:\/\/www.qhome.fr\/fr\/maisons-de-vacances-accessibles-dans-le-sud-de-la-france-q-home\/#primaryimage\"},\"image\":{\"@id\":\"https:\/\/www.qhome.fr\/fr\/maisons-de-vacances-accessibles-dans-le-sud-de-la-france-q-home\/#primaryimage\"},\"thumbnailUrl\":\"https:\/\/www.qhome.fr\/wp-content\/uploads\/2025\/05\/20250418_164017-scaled.jpg\",\"datePublished\":\"2026-01-28T10:37:03+00:00\",\"dateModified\":\"2026-01-28T10:38:21+00:00\",\"breadcrumb\":{\"@id\":\"https:\/\/www.qhome.fr\/fr\/maisons-de-vacances-accessibles-dans-le-sud-de-la-france-q-home\/#breadcrumb\"},\"inLanguage\":\"fr-FR\",\"potentialAction\":[{\"@type\":\"ReadAction\",\"target\":[\"https:\/\/www.qhome.fr\/fr\/maisons-de-vacances-accessibles-dans-le-sud-de-la-france-q-home\/\"]}]},{\"@type\":\"ImageObject\",\"inLanguage\":\"fr-FR\",\"@id\":\"https:\/\/www.qhome.fr\/fr\/maisons-de-vacances-accessibles-dans-le-sud-de-la-france-q-home\/#primaryimage\",\"url\":\"https:\/\/www.qhome.fr\/wp-content\/uploads\/2025\/05\/20250418_164017-scaled.jpg\",\"contentUrl\":\"https:\/\/www.qhome.fr\/wp-content\/uploads\/2025\/05\/20250418_164017-scaled.jpg\",\"width\":2560,\"height\":1152},{\"@type\":\"BreadcrumbList\",\"@id\":\"https:\/\/www.qhome.fr\/fr\/maisons-de-vacances-accessibles-dans-le-sud-de-la-france-q-home\/#breadcrumb\",\"itemListElement\":[{\"@type\":\"ListItem\",\"position\":1,\"name\":\"Home\",\"item\":\"https:\/\/www.qhome.fr\/fr\/\"},{\"@type\":\"ListItem\",\"position\":2,\"name\":\"Maisons de vacances accessibles dans le Sud de la France | Q Home\"}]},{\"@type\":\"WebSite\",\"@id\":\"https:\/\/www.qhome.fr\/fr\/#website\",\"url\":\"https:\/\/www.qhome.fr\/fr\/\",\"name\":\"Q-Home\",\"description\":\"Just another WordPress site\",\"publisher\":{\"@id\":\"https:\/\/www.qhome.fr\/fr\/#organization\"},\"potentialAction\":[{\"@type\":\"SearchAction\",\"target\":{\"@type\":\"EntryPoint\",\"urlTemplate\":\"https:\/\/www.qhome.fr\/fr\/?s={search_term_string}\"},\"query-input\":{\"@type\":\"PropertyValueSpecification\",\"valueRequired\":true,\"valueName\":\"search_term_string\"}}],\"inLanguage\":\"fr-FR\"},{\"@type\":\"Organization\",\"@id\":\"https:\/\/www.qhome.fr\/fr\/#organization\",\"name\":\"Q-Home\",\"url\":\"https:\/\/www.qhome.fr\/fr\/\",\"logo\":{\"@type\":\"ImageObject\",\"inLanguage\":\"fr-FR\",\"@id\":\"https:\/\/www.qhome.fr\/fr\/#\/schema\/logo\/image\/\",\"url\":\"https:\/\/www.qhome.fr\/wp-content\/uploads\/2019\/12\/logo.svg\",\"contentUrl\":\"https:\/\/www.qhome.fr\/wp-content\/uploads\/2019\/12\/logo.svg\",\"width\":1,\"height\":1,\"caption\":\"Q-Home\"},\"image\":{\"@id\":\"https:\/\/www.qhome.fr\/fr\/#\/schema\/logo\/image\/\"},\"sameAs\":[\"https:\/\/www.facebook.com\/qhome.fr\/\",\"https:\/\/www.instagram.com\/qhome_rental_villas\/\"]}]}<\/script>\n<!-- \/ Yoast SEO plugin. -->","yoast_head_json":{"title":"Maisons de vacances accessibles dans le Sud de la France | Q Home - Q-Home","og_locale":"fr_FR","og_type":"article","og_title":"Maisons de vacances accessibles dans le Sud de la France | Q Home - Q-Home","og_description":"Des vacances dans le Sud de la France avec une mobilit\u00e9 r\u00e9duite ? Des locations de vacances accessibles et confortables...","og_url":"https:\/\/www.qhome.fr\/fr\/maisons-de-vacances-accessibles-dans-le-sud-de-la-france-q-home\/","og_site_name":"Q-Home","article_publisher":"https:\/\/www.facebook.com\/qhome.fr\/","article_modified_time":"2026-01-28T10:38:21+00:00","og_image":[{"width":2560,"height":1152,"url":"https:\/\/www.qhome.fr\/wp-content\/uploads\/2025\/05\/20250418_164017-scaled.jpg","type":"image\/jpeg"}],"twitter_card":"summary_large_image","twitter_misc":{"Dur\u00e9e de lecture estim\u00e9e":"3 minutes"},"schema":{"@context":"https:\/\/schema.org","@graph":[{"@type":"WebPage","@id":"https:\/\/www.qhome.fr\/fr\/maisons-de-vacances-accessibles-dans-le-sud-de-la-france-q-home\/","url":"https:\/\/www.qhome.fr\/fr\/maisons-de-vacances-accessibles-dans-le-sud-de-la-france-q-home\/","name":"Maisons de vacances accessibles dans le Sud de la France | Q Home - Q-Home","isPartOf":{"@id":"https:\/\/www.qhome.fr\/fr\/#website"},"primaryImageOfPage":{"@id":"https:\/\/www.qhome.fr\/fr\/maisons-de-vacances-accessibles-dans-le-sud-de-la-france-q-home\/#primaryimage"},"image":{"@id":"https:\/\/www.qhome.fr\/fr\/maisons-de-vacances-accessibles-dans-le-sud-de-la-france-q-home\/#primaryimage"},"thumbnailUrl":"https:\/\/www.qhome.fr\/wp-content\/uploads\/2025\/05\/20250418_164017-scaled.jpg","datePublished":"2026-01-28T10:37:03+00:00","dateModified":"2026-01-28T10:38:21+00:00","breadcrumb":{"@id":"https:\/\/www.qhome.fr\/fr\/maisons-de-vacances-accessibles-dans-le-sud-de-la-france-q-home\/#breadcrumb"},"inLanguage":"fr-FR","potentialAction":[{"@type":"ReadAction","target":["https:\/\/www.qhome.fr\/fr\/maisons-de-vacances-accessibles-dans-le-sud-de-la-france-q-home\/"]}]},{"@type":"ImageObject","inLanguage":"fr-FR","@id":"https:\/\/www.qhome.fr\/fr\/maisons-de-vacances-accessibles-dans-le-sud-de-la-france-q-home\/#primaryimage","url":"https:\/\/www.qhome.fr\/wp-content\/uploads\/2025\/05\/20250418_164017-scaled.jpg","contentUrl":"https:\/\/www.qhome.fr\/wp-content\/uploads\/2025\/05\/20250418_164017-scaled.jpg","width":2560,"height":1152},{"@type":"BreadcrumbList","@id":"https:\/\/www.qhome.fr\/fr\/maisons-de-vacances-accessibles-dans-le-sud-de-la-france-q-home\/#breadcrumb","itemListElement":[{"@type":"ListItem","position":1,"name":"Home","item":"https:\/\/www.qhome.fr\/fr\/"},{"@type":"ListItem","position":2,"name":"Maisons de vacances accessibles dans le Sud de la France | Q Home"}]},{"@type":"WebSite","@id":"https:\/\/www.qhome.fr\/fr\/#website","url":"https:\/\/www.qhome.fr\/fr\/","name":"Q-Home","description":"Just another WordPress site","publisher":{"@id":"https:\/\/www.qhome.fr\/fr\/#organization"},"potentialAction":[{"@type":"SearchAction","target":{"@type":"EntryPoint","urlTemplate":"https:\/\/www.qhome.fr\/fr\/?s={search_term_string}"},"query-input":{"@type":"PropertyValueSpecification","valueRequired":true,"valueName":"search_term_string"}}],"inLanguage":"fr-FR"},{"@type":"Organization","@id":"https:\/\/www.qhome.fr\/fr\/#organization","name":"Q-Home","url":"https:\/\/www.qhome.fr\/fr\/","logo":{"@type":"ImageObject","inLanguage":"fr-FR","@id":"https:\/\/www.qhome.fr\/fr\/#\/schema\/logo\/image\/","url":"https:\/\/www.qhome.fr\/wp-content\/uploads\/2019\/12\/logo.svg","contentUrl":"https:\/\/www.qhome.fr\/wp-content\/uploads\/2019\/12\/logo.svg","width":1,"height":1,"caption":"Q-Home"},"image":{"@id":"https:\/\/www.qhome.fr\/fr\/#\/schema\/logo\/image\/"},"sameAs":["https:\/\/www.facebook.com\/qhome.fr\/","https:\/\/www.instagram.com\/qhome_rental_villas\/"]}]}},"_links":{"self":[{"href":"https:\/\/www.qhome.fr\/fr\/wp-json\/wp\/v2\/pages\/32764","targetHints":{"allow":["GET"]}}],"collection":[{"href":"https:\/\/www.qhome.fr\/fr\/wp-json\/wp\/v2\/pages"}],"about":[{"href":"https:\/\/www.qhome.fr\/fr\/wp-json\/wp\/v2\/types\/page"}],"author":[{"embeddable":true,"href":"https:\/\/www.qhome.fr\/fr\/wp-json\/wp\/v2\/users\/4"}],"replies":[{"embeddable":true,"href":"https:\/\/www.qhome.fr\/fr\/wp-json\/wp\/v2\/comments?post=32764"}],"version-history":[{"count":2,"href":"https:\/\/www.qhome.fr\/fr\/wp-json\/wp\/v2\/pages\/32764\/revisions"}],"predecessor-version":[{"id":32766,"href":"https:\/\/www.qhome.fr\/fr\/wp-json\/wp\/v2\/pages\/32764\/revisions\/32766"}],"wp:featuredmedia":[{"embeddable":true,"href":"https:\/\/www.qhome.fr\/fr\/wp-json\/wp\/v2\/media\/27900"}],"wp:attachment":[{"href":"https:\/\/www.qhome.fr\/fr\/wp-json\/wp\/v2\/media?parent=32764"}],"curies":[{"name":"wp","href":"https:\/\/api.w.org\/{rel}","templated":true}]}}