{"id":32015,"date":"2025-11-20T15:17:08","date_gmt":"2025-11-20T13:17:08","guid":{"rendered":"https:\/\/www.qhome.fr\/vakantiehuis-huren-fayence\/"},"modified":"2025-12-18T15:04:57","modified_gmt":"2025-12-18T13:04:57","slug":"louez-une-maison-de-vacances-a-fayence","status":"publish","type":"page","link":"https:\/\/www.qhome.fr\/fr\/louez-une-maison-de-vacances-a-fayence\/","title":{"rendered":"Louez une maison de vacances \u00e0 Fayence"},"content":{"rendered":"<h1>Louez une maison de vacances \u00e0 Fayence<\/h1>\n","protected":false},"excerpt":{"rendered":"<p>Louez une maison de vacances \u00e0 Fayence<\/p>\n","protected":false},"author":4,"featured_media":0,"parent":0,"menu_order":0,"comment_status":"closed","ping_status":"closed","template":"template-landing-no-search.php","meta":{"_acf_changed":false,"inline_featured_image":false,"_glsr_average":0,"_glsr_ranking":0,"_glsr_reviews":0,"footnotes":""},"class_list":["post-32015","page","type-page","status-publish","hentry"],"acf":[],"yoast_head":"<!-- This site is optimized with the Yoast SEO plugin v27.0 - https:\/\/yoast.com\/product\/yoast-seo-wordpress\/ -->\n<title>Louez une maison de vacances \u00e0 Fayence - Q-Home<\/title>\n<meta name=\"description\" content=\"Vous cherchez une maison de vacances avec piscine priv\u00e9e \u00e0 Fayence\u00a0? Q Home propose un large choix de maisons de vacances \u00e0 Fayence, toutes avec piscine priv\u00e9e\u00a0!\" \/>\n<meta property=\"og:locale\" content=\"fr_FR\" \/>\n<meta property=\"og:type\" content=\"article\" \/>\n<meta property=\"og:title\" content=\"Louez une maison de vacances \u00e0 Fayence - Q-Home\" \/>\n<meta property=\"og:description\" content=\"Vous cherchez une maison de vacances avec piscine priv\u00e9e \u00e0 Fayence\u00a0? Q Home propose un large choix de maisons de vacances \u00e0 Fayence, toutes avec piscine priv\u00e9e\u00a0!\" \/>\n<meta property=\"og:url\" content=\"https:\/\/www.qhome.fr\/fr\/louez-une-maison-de-vacances-a-fayence\/\" \/>\n<meta property=\"og:site_name\" content=\"Q-Home\" \/>\n<meta property=\"article:publisher\" content=\"https:\/\/www.facebook.com\/qhome.fr\/\" \/>\n<meta property=\"article:modified_time\" content=\"2025-12-18T13:04:57+00:00\" \/>\n<meta name=\"twitter:card\" content=\"summary_large_image\" \/>\n<meta name=\"twitter:label1\" content=\"Dur\u00e9e de lecture estim\u00e9e\" \/>\n\t<meta name=\"twitter:data1\" content=\"8 minutes\" \/>\n<script type=\"application\/ld+json\" class=\"yoast-schema-graph\">{\"@context\":\"https:\/\/schema.org\",\"@graph\":[{\"@type\":\"WebPage\",\"@id\":\"https:\/\/www.qhome.fr\/fr\/louez-une-maison-de-vacances-a-fayence\/\",\"url\":\"https:\/\/www.qhome.fr\/fr\/louez-une-maison-de-vacances-a-fayence\/\",\"name\":\"Louez une maison de vacances \u00e0 Fayence - Q-Home\",\"isPartOf\":{\"@id\":\"https:\/\/www.qhome.fr\/fr\/#website\"},\"datePublished\":\"2025-11-20T13:17:08+00:00\",\"dateModified\":\"2025-12-18T13:04:57+00:00\",\"description\":\"Vous cherchez une maison de vacances avec piscine priv\u00e9e \u00e0 Fayence\u00a0? Q Home propose un large choix de maisons de vacances \u00e0 Fayence, toutes avec piscine priv\u00e9e\u00a0!\",\"breadcrumb\":{\"@id\":\"https:\/\/www.qhome.fr\/fr\/louez-une-maison-de-vacances-a-fayence\/#breadcrumb\"},\"inLanguage\":\"fr-FR\",\"potentialAction\":[{\"@type\":\"ReadAction\",\"target\":[\"https:\/\/www.qhome.fr\/fr\/louez-une-maison-de-vacances-a-fayence\/\"]}]},{\"@type\":\"BreadcrumbList\",\"@id\":\"https:\/\/www.qhome.fr\/fr\/louez-une-maison-de-vacances-a-fayence\/#breadcrumb\",\"itemListElement\":[{\"@type\":\"ListItem\",\"position\":1,\"name\":\"Home\",\"item\":\"https:\/\/www.qhome.fr\/fr\/\"},{\"@type\":\"ListItem\",\"position\":2,\"name\":\"Louez une maison de vacances \u00e0 Fayence\"}]},{\"@type\":\"WebSite\",\"@id\":\"https:\/\/www.qhome.fr\/fr\/#website\",\"url\":\"https:\/\/www.qhome.fr\/fr\/\",\"name\":\"Q-Home\",\"description\":\"Just another WordPress site\",\"publisher\":{\"@id\":\"https:\/\/www.qhome.fr\/fr\/#organization\"},\"potentialAction\":[{\"@type\":\"SearchAction\",\"target\":{\"@type\":\"EntryPoint\",\"urlTemplate\":\"https:\/\/www.qhome.fr\/fr\/?s={search_term_string}\"},\"query-input\":{\"@type\":\"PropertyValueSpecification\",\"valueRequired\":true,\"valueName\":\"search_term_string\"}}],\"inLanguage\":\"fr-FR\"},{\"@type\":\"Organization\",\"@id\":\"https:\/\/www.qhome.fr\/fr\/#organization\",\"name\":\"Q-Home\",\"url\":\"https:\/\/www.qhome.fr\/fr\/\",\"logo\":{\"@type\":\"ImageObject\",\"inLanguage\":\"fr-FR\",\"@id\":\"https:\/\/www.qhome.fr\/fr\/#\/schema\/logo\/image\/\",\"url\":\"https:\/\/www.qhome.fr\/wp-content\/uploads\/2019\/12\/logo.svg\",\"contentUrl\":\"https:\/\/www.qhome.fr\/wp-content\/uploads\/2019\/12\/logo.svg\",\"width\":1,\"height\":1,\"caption\":\"Q-Home\"},\"image\":{\"@id\":\"https:\/\/www.qhome.fr\/fr\/#\/schema\/logo\/image\/\"},\"sameAs\":[\"https:\/\/www.facebook.com\/qhome.fr\/\",\"https:\/\/www.instagram.com\/qhome_rental_villas\/\"]}]}<\/script>\n<!-- \/ Yoast SEO plugin. -->","yoast_head_json":{"title":"Louez une maison de vacances \u00e0 Fayence - Q-Home","description":"Vous cherchez une maison de vacances avec piscine priv\u00e9e \u00e0 Fayence\u00a0? Q Home propose un large choix de maisons de vacances \u00e0 Fayence, toutes avec piscine priv\u00e9e\u00a0!","og_locale":"fr_FR","og_type":"article","og_title":"Louez une maison de vacances \u00e0 Fayence - Q-Home","og_description":"Vous cherchez une maison de vacances avec piscine priv\u00e9e \u00e0 Fayence\u00a0? Q Home propose un large choix de maisons de vacances \u00e0 Fayence, toutes avec piscine priv\u00e9e\u00a0!","og_url":"https:\/\/www.qhome.fr\/fr\/louez-une-maison-de-vacances-a-fayence\/","og_site_name":"Q-Home","article_publisher":"https:\/\/www.facebook.com\/qhome.fr\/","article_modified_time":"2025-12-18T13:04:57+00:00","twitter_card":"summary_large_image","twitter_misc":{"Dur\u00e9e de lecture estim\u00e9e":"8 minutes"},"schema":{"@context":"https:\/\/schema.org","@graph":[{"@type":"WebPage","@id":"https:\/\/www.qhome.fr\/fr\/louez-une-maison-de-vacances-a-fayence\/","url":"https:\/\/www.qhome.fr\/fr\/louez-une-maison-de-vacances-a-fayence\/","name":"Louez une maison de vacances \u00e0 Fayence - Q-Home","isPartOf":{"@id":"https:\/\/www.qhome.fr\/fr\/#website"},"datePublished":"2025-11-20T13:17:08+00:00","dateModified":"2025-12-18T13:04:57+00:00","description":"Vous cherchez une maison de vacances avec piscine priv\u00e9e \u00e0 Fayence\u00a0? Q Home propose un large choix de maisons de vacances \u00e0 Fayence, toutes avec piscine priv\u00e9e\u00a0!","breadcrumb":{"@id":"https:\/\/www.qhome.fr\/fr\/louez-une-maison-de-vacances-a-fayence\/#breadcrumb"},"inLanguage":"fr-FR","potentialAction":[{"@type":"ReadAction","target":["https:\/\/www.qhome.fr\/fr\/louez-une-maison-de-vacances-a-fayence\/"]}]},{"@type":"BreadcrumbList","@id":"https:\/\/www.qhome.fr\/fr\/louez-une-maison-de-vacances-a-fayence\/#breadcrumb","itemListElement":[{"@type":"ListItem","position":1,"name":"Home","item":"https:\/\/www.qhome.fr\/fr\/"},{"@type":"ListItem","position":2,"name":"Louez une maison de vacances \u00e0 Fayence"}]},{"@type":"WebSite","@id":"https:\/\/www.qhome.fr\/fr\/#website","url":"https:\/\/www.qhome.fr\/fr\/","name":"Q-Home","description":"Just another WordPress site","publisher":{"@id":"https:\/\/www.qhome.fr\/fr\/#organization"},"potentialAction":[{"@type":"SearchAction","target":{"@type":"EntryPoint","urlTemplate":"https:\/\/www.qhome.fr\/fr\/?s={search_term_string}"},"query-input":{"@type":"PropertyValueSpecification","valueRequired":true,"valueName":"search_term_string"}}],"inLanguage":"fr-FR"},{"@type":"Organization","@id":"https:\/\/www.qhome.fr\/fr\/#organization","name":"Q-Home","url":"https:\/\/www.qhome.fr\/fr\/","logo":{"@type":"ImageObject","inLanguage":"fr-FR","@id":"https:\/\/www.qhome.fr\/fr\/#\/schema\/logo\/image\/","url":"https:\/\/www.qhome.fr\/wp-content\/uploads\/2019\/12\/logo.svg","contentUrl":"https:\/\/www.qhome.fr\/wp-content\/uploads\/2019\/12\/logo.svg","width":1,"height":1,"caption":"Q-Home"},"image":{"@id":"https:\/\/www.qhome.fr\/fr\/#\/schema\/logo\/image\/"},"sameAs":["https:\/\/www.facebook.com\/qhome.fr\/","https:\/\/www.instagram.com\/qhome_rental_villas\/"]}]}},"_links":{"self":[{"href":"https:\/\/www.qhome.fr\/fr\/wp-json\/wp\/v2\/pages\/32015","targetHints":{"allow":["GET"]}}],"collection":[{"href":"https:\/\/www.qhome.fr\/fr\/wp-json\/wp\/v2\/pages"}],"about":[{"href":"https:\/\/www.qhome.fr\/fr\/wp-json\/wp\/v2\/types\/page"}],"author":[{"embeddable":true,"href":"https:\/\/www.qhome.fr\/fr\/wp-json\/wp\/v2\/users\/4"}],"replies":[{"embeddable":true,"href":"https:\/\/www.qhome.fr\/fr\/wp-json\/wp\/v2\/comments?post=32015"}],"version-history":[{"count":4,"href":"https:\/\/www.qhome.fr\/fr\/wp-json\/wp\/v2\/pages\/32015\/revisions"}],"predecessor-version":[{"id":32026,"href":"https:\/\/www.qhome.fr\/fr\/wp-json\/wp\/v2\/pages\/32015\/revisions\/32026"}],"wp:attachment":[{"href":"https:\/\/www.qhome.fr\/fr\/wp-json\/wp\/v2\/media?parent=32015"}],"curies":[{"name":"wp","href":"https:\/\/api.w.org\/{rel}","templated":true}]}}